{"id":68861,"date":"2021-06-22T12:17:24","date_gmt":"2021-06-22T16:17:24","guid":{"rendered":"https:\/\/www1.cubacomenta.com\/?page_id=68861"},"modified":"2023-09-07T11:34:11","modified_gmt":"2023-09-07T15:34:11","slug":"quienes-somos","status":"publish","type":"page","link":"https:\/\/www.cuballama.com\/noticias\/quienes-somos\/","title":{"rendered":"Acerca de CubaLlama Noticias"},"content":{"rendered":"<div id=\"tdi_1\" class=\"tdc-zone\"><div class=\"tdc_zone tdi_2  wpb_row td-pb-row\"  >\n<style scoped>\n\/* custom css - generated by TagDiv Composer *\/\n\n\/* custom css - generated by TagDiv Composer *\/\n.tdi_2{\r\n                    min-height: 0;\r\n                }\n<\/style><div id=\"tdi_3\" class=\"tdc-row stretch_row\"><div class=\"vc_row tdi_4  wpb_row td-pb-row tdc-element-style\" >\n<style scoped>\n\/* custom css - generated by TagDiv Composer *\/\n\n\/* custom css - generated by TagDiv Composer *\/\n.tdi_4,\r\n                .tdi_4 .tdc-columns{\r\n                    min-height: 0;\r\n                }.tdi_4,\r\n\t\t\t\t.tdi_4 .tdc-columns{\r\n\t\t\t\t    display: block;\r\n\t\t\t\t}.tdi_4 .tdc-columns{\r\n\t\t\t\t    width: 100%;\r\n\t\t\t\t}.tdi_4:before,\r\n\t\t\t\t.tdi_4:after{\r\n\t\t\t\t    display: table;\r\n\t\t\t\t}\n\/* inline tdc_css att - generated by TagDiv Composer *\/\n\n.tdi_4{\npadding-top:40px !important;\nposition:relative;\n}\n\n.tdi_4 .td_block_wrap{ text-align:left }\n\n\/* landscape *\/\n@media (min-width: 1019px) and (max-width: 1140px)\n{\n.tdi_4{\npadding-top:40px !important;\n}\n}\n\n\/* portrait *\/\n@media (min-width: 768px) and (max-width: 1018px)\n{\n.tdi_4{\npadding-top:40px !important;\n}\n}\n\n\/* phone *\/\n@media (max-width: 767px)\n{\n.tdi_4{\npadding-top:30px !important;\n}\n}\n\n<\/style>\n<div class=\"tdi_3_rand_style td-element-style\" ><style>\n\/* custom css - generated by TagDiv Composer *\/\n\n.tdi_3_rand_style{\nbackground-color:rgba(76,64,132,0.05) !important;\n}\n <\/style><\/div><div class=\"vc_column tdi_6  wpb_column vc_column_container tdc-column td-pb-span12\">\n<style scoped>\n\/* custom css - generated by TagDiv Composer *\/\n\n\/* custom css - generated by TagDiv Composer *\/\n.tdi_6{\r\n                    vertical-align: baseline;\r\n                }.tdi_6 > .wpb_wrapper,\r\n\t\t\t\t.tdi_6 > .wpb_wrapper > .tdc-elements{\r\n\t\t\t\t    display: block;\r\n\t\t\t\t}.tdi_6 > .wpb_wrapper > .tdc-elements{\r\n\t\t\t\t    width: 100%;\r\n\t\t\t\t}.tdi_6 > .wpb_wrapper > .vc_row_inner{\r\n\t\t\t\t    width: auto;\r\n\t\t\t\t}.tdi_6 > .wpb_wrapper{\r\n\t\t\t\t    width: auto;\r\n\t\t\t\t    height: auto;\r\n\t\t\t\t}\n<\/style><div class=\"wpb_wrapper\" ><div class=\"tdm_block td_block_wrap tdm_block_column_title tdi_7 tdm-content-horiz-center td-pb-border-top td_block_template_1\"  data-td-block-uid=\"tdi_7\" >\n<style>\n\n\/* inline tdc_css att - generated by TagDiv Composer *\/\n\n.tdi_7{\nmargin-bottom:40px !important;\n}\n\n\/* phone *\/\n@media (max-width: 767px)\n{\n.tdi_7{\nmargin-bottom:30px !important;\n}\n}\n\n\/* landscape *\/\n@media (min-width: 1019px) and (max-width: 1140px)\n{\n.tdi_7{\nmargin-bottom:40px !important;\n}\n}\n\n\/* portrait *\/\n@media (min-width: 768px) and (max-width: 1018px)\n{\n.tdi_7{\nmargin-bottom:40px !important;\n}\n}\n\n<\/style>\n<style>\n\/* custom css - generated by TagDiv Composer *\/\n.tdm_block_column_title{\r\n                  margin-bottom: 0;\r\n                  display: inline-block;\r\n                  width: 100%;\r\n                }\n<\/style><div class=\"td-block-row\"><div class=\"td-block-span12 tdm-col\">\n<style>\n\/* custom css - generated by TagDiv Composer *\/\nbody .tdi_8 .tdm-title{\r\n\t\t\t\t\tcolor: #3a3a15;\r\n\t\t\t\t}.tdi_8 .tdm-title{\r\n\t\t\t\t\tfont-family:Gelasio !important;font-size:41px !important;line-height:50px !important;font-weight:700 !important;\r\n\t\t\t\t}\n\n\/* portrait *\/\n@media (min-width: 768px) and (max-width: 1018px){\n.tdi_8 .tdm-title{\r\n\t\t\t\t\tfont-size:36px !important;line-height:46px !important;\r\n\t\t\t\t}\n}\n\n\/* phone *\/\n@media (max-width: 767px){\n.tdi_8 .tdm-title{\r\n\t\t\t\t\tfont-size:32px !important;line-height:42px !important;\r\n\t\t\t\t}\n}\n<\/style><div class=\"tds-title tds-title1 td-fix-index tdi_8 \"><h3 class=\"tdm-title tdm-title-bg\">\u00bfQui\u00e9nes somos?<\/h3><\/div><\/div><\/div><\/div><div class=\"tdm_block td_block_wrap tdm_block_inline_text tdi_9 tdm-inline-block td-pb-border-top td_block_template_1\"  data-td-block-uid=\"tdi_9\" >\n<style>\n\n\/* inline tdc_css att - generated by TagDiv Composer *\/\n\n.tdi_9{\nmargin-bottom:40px !important;\npadding-right:130px !important;\npadding-left:130px !important;\n}\n\n\/* phone *\/\n@media (max-width: 767px)\n{\n.tdi_9{\npadding-right:0px !important;\npadding-left:0px !important;\n}\n}\n\n\/* portrait *\/\n@media (min-width: 768px) and (max-width: 1018px)\n{\n.tdi_9{\npadding-right:50px !important;\npadding-left:50px !important;\n}\n}\n\n<\/style>\n<style>\n\/* custom css - generated by TagDiv Composer *\/\n.tdm_block.tdm_block_inline_text{\r\n                  margin-bottom: 0;\r\n                  vertical-align: top;\r\n                }.tdm_block.tdm_block_inline_text .tdm-descr{\r\n                  margin-bottom: 0;\r\n                  -webkit-transform: translateZ(0);\r\n                  transform: translateZ(0);\r\n                }.tdc-row-content-vert-center .tdm-inline-text-yes{\r\n                  vertical-align: middle;\r\n                }.tdc-row-content-vert-bottom .tdm-inline-text-yes{\r\n                  vertical-align: bottom;\r\n                }.tdi_9{\r\n                    text-align: left !important;\r\n                }.tdi_9 .tdm-descr{\r\n                    color: #777777;\r\n                \r\n\t\t\t\t\tfont-family:Gelasio !important;font-size:17px !important;\r\n\t\t\t\t}\n<\/style><p class=\"tdm-descr\">Cuballama Noticias es un sitio digital enfocado en la realidad cubana, tanto dentro de la isla como en el exterior, fundado en el a\u00f1o 2017.\n<\/br><\/br>\nSurge por la necesidad de brindar una informaci\u00f3n lo m\u00e1s amplia y veraz posible dentro del contexto actual que engloba la realidad de los cubanos dentro de Cuba, as\u00ed como de los aproximadamente tres millones de cubanos residentes en el exterior, y sus intereses.\n<\/br><\/br>\nDe igual modo cubrir\u00e1 noticias de actualidad y noticias virales, con la premisa del respeto al ser humano.\n<\/br><\/br>\nCuballama Noticias no fomenta ni la divisi\u00f3n, ni el acoso, ni el machismo, ni la xenofobia, ni la homofobia, ni ninguna otra acci\u00f3n encaminada al escarnio p\u00fablico o el abuso. Somos un medio serio, respetuoso de las diferencias e inclusivo.<\/p><\/div><div class=\"tdm_block td_block_wrap tdm_block_column_title tdi_10 tdm-content-horiz-center td-pb-border-top td_block_template_1\"  data-td-block-uid=\"tdi_10\" >\n<style>\n\n\/* inline tdc_css att - generated by TagDiv Composer *\/\n\n.tdi_10{\nmargin-bottom:0px !important;\n}\n\n\/* phone *\/\n@media (max-width: 767px)\n{\n.tdi_10{\nmargin-bottom:30px !important;\n}\n}\n\n\/* landscape *\/\n@media (min-width: 1019px) and (max-width: 1140px)\n{\n.tdi_10{\nmargin-bottom:40px !important;\n}\n}\n\n\/* portrait *\/\n@media (min-width: 768px) and (max-width: 1018px)\n{\n.tdi_10{\nmargin-bottom:40px !important;\n}\n}\n\n<\/style><div class=\"td-block-row\"><div class=\"td-block-span12 tdm-col\">\n<style>\n\/* custom css - generated by TagDiv Composer *\/\nbody .tdi_11 .tdm-title{\r\n\t\t\t\t\tcolor: #3a3a15;\r\n\t\t\t\t}.tdi_11 .tdm-title{\r\n\t\t\t\t\tfont-family:Gelasio !important;font-size:41px !important;line-height:50px !important;font-weight:700 !important;\r\n\t\t\t\t}\n\n\/* portrait *\/\n@media (min-width: 768px) and (max-width: 1018px){\n.tdi_11 .tdm-title{\r\n\t\t\t\t\tfont-size:36px !important;line-height:46px !important;\r\n\t\t\t\t}\n}\n\n\/* phone *\/\n@media (max-width: 767px){\n.tdi_11 .tdm-title{\r\n\t\t\t\t\tfont-size:32px !important;line-height:42px !important;\r\n\t\t\t\t}\n}\n<\/style><div class=\"tds-title tds-title1 td-fix-index tdi_11 \"><h3 class=\"tdm-title tdm-title-bg\">Preguntas frecuentes<\/h3><\/div><\/div><\/div><\/div><div class=\"tdm_block td_block_wrap tdm_block_inline_text tdi_12 tdm-inline-block td-pb-border-top td_block_template_1\"  data-td-block-uid=\"tdi_12\" >\n<style>\n\n\/* inline tdc_css att - generated by TagDiv Composer *\/\n\n.tdi_12{\nmargin-bottom:40px !important;\npadding-right:130px !important;\npadding-left:130px !important;\n}\n\n\/* phone *\/\n@media (max-width: 767px)\n{\n.tdi_12{\npadding-right:0px !important;\npadding-left:0px !important;\n}\n}\n\n\/* portrait *\/\n@media (min-width: 768px) and (max-width: 1018px)\n{\n.tdi_12{\npadding-right:50px !important;\npadding-left:50px !important;\n}\n}\n\n<\/style>\n<style>\n\/* custom css - generated by TagDiv Composer *\/\n.tdi_12{\r\n                    text-align: left !important;\r\n                }.tdi_12 .tdm-descr{\r\n                    color: #777777;\r\n                \r\n\t\t\t\t\tfont-family:Gelasio !important;font-size:17px !important;\r\n\t\t\t\t}\n<\/style><p class=\"tdm-descr\"><span style=\"font-weight: bold; color: #000000;\">\n\u00bfC\u00f3mo puedo contactar con Cuballama Noticias?<\/span>\n<\/br>\nSi quieres contactar con el equipo de Cuballama Noticias env\u00eda un correo a <a href=\"mailto:noticias@cuballama.com\">noticias@cuballama.com<\/a>\n<\/br><\/br>\nEn este correo tambi\u00e9n podr\u00e1s pedir informaci\u00f3n general del proyecto, consultarnos sobre nuestra participaci\u00f3n en eventos, ofrecer informaci\u00f3n y concertar entrevistas.\n<\/br>\nSi est\u00e1s suscrito al sitio, y tienes un problema con tu suscripci\u00f3n, escribe a <a href=\"mailto:noticias@cuballama.com\">noticias@cuballama.com<\/a>\n<\/br><\/br>\n<span style=\"font-weight: bold; color: #000000;\">\u00bfPuedo anunciarme en Cuballama Noticias?<\/span>\n<\/br>\nCuballama Noticias utiliza sus espacios para la publicidad de la marca Cuballama; pero si Ud. desea pagar por verse anunciado, cont\u00e1ctenos a trav\u00e9s de <a href=\"mailto:noticias@cuballama.com\">noticias@cuballama.com<\/a>\n<\/br>\nEso s\u00ed, Cuballama Noticias no ofrece espacios publicitarios a empresas dedicadas a negocios de apuesta, ni de prostituci\u00f3n infantil, tr\u00e1fico de personas, o cualquier otra actividad relacionada con temas de ilegalidad reconocidos.\n<\/br><\/br>\n<span style=\"font-weight: bold; color: #000000;\">Demandas<\/span>\n<\/br>\nPara m\u00e1s informaci\u00f3n contactar en nuestra direcci\u00f3n de correo arriba expuesta (<a href=\"mailto:noticias@cuballama.com\">noticias@cuballama.com<\/a>)\n<\/br><\/br>\n<span style=\"font-weight: bold; color: #000000;\">\u00bfPuedo trabajar para Cuballama Noticias?<\/span>\n<\/br>\nPor el momento Cuballama Noticias no est\u00e1 contratando nuevos periodistas, pero ello no significa que no estemos abiertos a recibir su curriculum, leerlo y contactarlo en caso de la aparici\u00f3n de alguna plaza vacante. Sus datos personales se regir\u00e1n por nuestra pol\u00edtica de manejo de datos y legales.\n<\/br><\/br>\n<span style=\"font-weight: bold; color: #000000;\">\u00bfPuedo seguir a Cuballama Noticias? \u00bfD\u00f3nde?<\/span>\n<\/br>\nPuedes seguirnos en Facebook, Twitter, Instagram, Youtube y Pinterest. Pronto abriremos un canal en Telegram. <\/p><\/div><div class=\"tdm_block td_block_wrap tdm_block_column_title tdi_13 tdm-content-horiz-center td-pb-border-top td_block_template_1\"  data-td-block-uid=\"tdi_13\" >\n<style>\n\n\/* inline tdc_css att - generated by TagDiv Composer *\/\n\n.tdi_13{\nmargin-bottom:0px !important;\n}\n\n\/* phone *\/\n@media (max-width: 767px)\n{\n.tdi_13{\nmargin-bottom:30px !important;\n}\n}\n\n\/* landscape *\/\n@media (min-width: 1019px) and (max-width: 1140px)\n{\n.tdi_13{\nmargin-bottom:40px !important;\n}\n}\n\n\/* portrait *\/\n@media (min-width: 768px) and (max-width: 1018px)\n{\n.tdi_13{\nmargin-bottom:40px !important;\n}\n}\n\n<\/style><div class=\"td-block-row\"><div class=\"td-block-span12 tdm-col\">\n<style>\n\/* custom css - generated by TagDiv Composer *\/\nbody .tdi_14 .tdm-title{\r\n\t\t\t\t\tcolor: #3a3a15;\r\n\t\t\t\t}.tdi_14 .tdm-title{\r\n\t\t\t\t\tfont-family:Gelasio !important;font-size:41px !important;line-height:50px !important;font-weight:700 !important;\r\n\t\t\t\t}\n\n\/* portrait *\/\n@media (min-width: 768px) and (max-width: 1018px){\n.tdi_14 .tdm-title{\r\n\t\t\t\t\tfont-size:36px !important;line-height:46px !important;\r\n\t\t\t\t}\n}\n\n\/* phone *\/\n@media (max-width: 767px){\n.tdi_14 .tdm-title{\r\n\t\t\t\t\tfont-size:32px !important;line-height:42px !important;\r\n\t\t\t\t}\n}\n<\/style><div class=\"tds-title tds-title1 td-fix-index tdi_14 \"><h3 class=\"tdm-title tdm-title-bg\">Cont\u00e1ctanos<\/h3><\/div><\/div><\/div><\/div><div class=\"td_block_wrap td_block_text_with_title tdi_15 tagdiv-type td-pb-border-top td_block_template_1\"  data-td-block-uid=\"tdi_15\" >\n<style>\n\n\/* inline tdc_css att - generated by TagDiv Composer *\/\n\n.tdi_15{\npadding-right:130px !important;\npadding-left:130px !important;\n}\n\n<\/style>\n<style>\n\/* custom css - generated by TagDiv Composer *\/\n.td_block_text_with_title{\r\n                  margin-bottom: 44px;\r\n                  -webkit-transform: translateZ(0);\r\n                  transform: translateZ(0);\r\n                }.td_block_text_with_title p:last-child{\r\n                  margin-bottom: 0;\r\n                }\n<\/style><div class=\"td-block-title-wrap\"><\/div><div class=\"td_mod_wrap td-fix-index\"><p>[wpforms id=\u00bb68864&#8243; title=\u00bbfalse\u00bb]<\/p>\n<\/div><\/div><\/div><\/div><\/div><\/div><\/div><\/div>","protected":false},"excerpt":{"rendered":"","protected":false},"author":8,"featured_media":0,"parent":0,"menu_order":0,"comment_status":"closed","ping_status":"closed","template":"","meta":{"_acf_changed":false,"footnotes":""},"class_list":["post-68861","page","type-page","status-publish"],"acf":[],"yoast_head":"<!-- This site is optimized with the Yoast SEO plugin v27.5 - https:\/\/yoast.com\/product\/yoast-seo-wordpress\/ -->\n<title>Acerca de CubaLlama Noticias - Cuballama Noticias<\/title>\n<meta name=\"description\" content=\"Medio de noticias de Cuba actualizadas de lo que acontece en el pueblo cubano y la sociedad cubana hoy por el mundo y en Miami Florida.\" \/>\n<meta name=\"robots\" content=\"index, follow, max-snippet:-1, max-image-preview:large, max-video-preview:-1\" \/>\n<link rel=\"canonical\" href=\"https:\/\/www.cuballama.com\/noticias\/quienes-somos\/\" \/>\n<meta property=\"og:locale\" content=\"es_ES\" \/>\n<meta property=\"og:type\" content=\"article\" \/>\n<meta property=\"og:title\" content=\"Acerca de CubaLlama Noticias - Cuballama Noticias\" \/>\n<meta property=\"og:description\" content=\"Medio de noticias de Cuba actualizadas de lo que acontece en el pueblo cubano y la sociedad cubana hoy por el mundo y en Miami Florida.\" \/>\n<meta property=\"og:url\" content=\"https:\/\/www.cuballama.com\/noticias\/quienes-somos\/\" \/>\n<meta property=\"og:site_name\" content=\"Cuballama Noticias\" \/>\n<meta property=\"article:publisher\" content=\"https:\/\/www.facebook.com\/CubaLlama\" \/>\n<meta property=\"article:modified_time\" content=\"2023-09-07T15:34:11+00:00\" \/>\n<meta name=\"twitter:card\" content=\"summary_large_image\" \/>\n<meta name=\"twitter:site\" content=\"@cuballama\" \/>\n<meta name=\"twitter:label1\" content=\"Tiempo de lectura\" \/>\n\t<meta name=\"twitter:data1\" content=\"1 minuto\" \/>\n<script type=\"application\/ld+json\" class=\"yoast-schema-graph\">{\"@context\":\"https:\\\/\\\/schema.org\",\"@graph\":[{\"@type\":\"WebPage\",\"@id\":\"https:\\\/\\\/www.cuballama.com\\\/noticias\\\/quienes-somos\\\/\",\"url\":\"https:\\\/\\\/www.cuballama.com\\\/noticias\\\/quienes-somos\\\/\",\"name\":\"Acerca de CubaLlama Noticias - Cuballama Noticias\",\"isPartOf\":{\"@id\":\"https:\\\/\\\/www.cuballama.com\\\/noticias\\\/#website\"},\"datePublished\":\"2021-06-22T16:17:24+00:00\",\"dateModified\":\"2023-09-07T15:34:11+00:00\",\"description\":\"Medio de noticias de Cuba actualizadas de lo que acontece en el pueblo cubano y la sociedad cubana hoy por el mundo y en Miami Florida.\",\"breadcrumb\":{\"@id\":\"https:\\\/\\\/www.cuballama.com\\\/noticias\\\/quienes-somos\\\/#breadcrumb\"},\"inLanguage\":\"es\",\"potentialAction\":[{\"@type\":\"ReadAction\",\"target\":[\"https:\\\/\\\/www.cuballama.com\\\/noticias\\\/quienes-somos\\\/\"]}]},{\"@type\":\"BreadcrumbList\",\"@id\":\"https:\\\/\\\/www.cuballama.com\\\/noticias\\\/quienes-somos\\\/#breadcrumb\",\"itemListElement\":[{\"@type\":\"ListItem\",\"position\":1,\"name\":\"Home\",\"item\":\"https:\\\/\\\/www.cuballama.com\\\/noticias\\\/\"},{\"@type\":\"ListItem\",\"position\":2,\"name\":\"Acerca de CubaLlama Noticias\"}]},{\"@type\":\"WebSite\",\"@id\":\"https:\\\/\\\/www.cuballama.com\\\/noticias\\\/#website\",\"url\":\"https:\\\/\\\/www.cuballama.com\\\/noticias\\\/\",\"name\":\"Cuballama Noticias\",\"description\":\"Medio digital sobre Cuba y el mundo\",\"publisher\":{\"@id\":\"https:\\\/\\\/www.cuballama.com\\\/noticias\\\/#organization\"},\"potentialAction\":[{\"@type\":\"SearchAction\",\"target\":{\"@type\":\"EntryPoint\",\"urlTemplate\":\"https:\\\/\\\/www.cuballama.com\\\/noticias\\\/?s={search_term_string}\"},\"query-input\":{\"@type\":\"PropertyValueSpecification\",\"valueRequired\":true,\"valueName\":\"search_term_string\"}}],\"inLanguage\":\"es\"},{\"@type\":\"Organization\",\"@id\":\"https:\\\/\\\/www.cuballama.com\\\/noticias\\\/#organization\",\"name\":\"Cuballama\",\"url\":\"https:\\\/\\\/www.cuballama.com\\\/noticias\\\/\",\"logo\":{\"@type\":\"ImageObject\",\"inLanguage\":\"es\",\"@id\":\"https:\\\/\\\/www.cuballama.com\\\/noticias\\\/#\\\/schema\\\/logo\\\/image\\\/\",\"url\":\"https:\\\/\\\/cdn1.mediawpaccore.net\\\/wp-content\\\/uploads\\\/2021\\\/12\\\/28171206\\\/cbll-logo-color-sm.png\",\"contentUrl\":\"https:\\\/\\\/cdn1.mediawpaccore.net\\\/wp-content\\\/uploads\\\/2021\\\/12\\\/28171206\\\/cbll-logo-color-sm.png\",\"width\":600,\"height\":133,\"caption\":\"Cuballama\"},\"image\":{\"@id\":\"https:\\\/\\\/www.cuballama.com\\\/noticias\\\/#\\\/schema\\\/logo\\\/image\\\/\"},\"sameAs\":[\"https:\\\/\\\/www.facebook.com\\\/CubaLlama\",\"https:\\\/\\\/x.com\\\/cuballama\",\"https:\\\/\\\/www.instagram.com\\\/stories\\\/cuballama_oficial\\\/\",\"https:\\\/\\\/www.youtube.com\\\/channel\\\/UCKkFE-d_axENGZcrc4as0IA\"]}]}<\/script>\n<!-- \/ Yoast SEO plugin. -->","yoast_head_json":{"title":"Acerca de CubaLlama Noticias - Cuballama Noticias","description":"Medio de noticias de Cuba actualizadas de lo que acontece en el pueblo cubano y la sociedad cubana hoy por el mundo y en Miami Florida.","robots":{"index":"index","follow":"follow","max-snippet":"max-snippet:-1","max-image-preview":"max-image-preview:large","max-video-preview":"max-video-preview:-1"},"canonical":"https:\/\/www.cuballama.com\/noticias\/quienes-somos\/","og_locale":"es_ES","og_type":"article","og_title":"Acerca de CubaLlama Noticias - Cuballama Noticias","og_description":"Medio de noticias de Cuba actualizadas de lo que acontece en el pueblo cubano y la sociedad cubana hoy por el mundo y en Miami Florida.","og_url":"https:\/\/www.cuballama.com\/noticias\/quienes-somos\/","og_site_name":"Cuballama Noticias","article_publisher":"https:\/\/www.facebook.com\/CubaLlama","article_modified_time":"2023-09-07T15:34:11+00:00","twitter_card":"summary_large_image","twitter_site":"@cuballama","twitter_misc":{"Tiempo de lectura":"1 minuto"},"schema":{"@context":"https:\/\/schema.org","@graph":[{"@type":"WebPage","@id":"https:\/\/www.cuballama.com\/noticias\/quienes-somos\/","url":"https:\/\/www.cuballama.com\/noticias\/quienes-somos\/","name":"Acerca de CubaLlama Noticias - Cuballama Noticias","isPartOf":{"@id":"https:\/\/www.cuballama.com\/noticias\/#website"},"datePublished":"2021-06-22T16:17:24+00:00","dateModified":"2023-09-07T15:34:11+00:00","description":"Medio de noticias de Cuba actualizadas de lo que acontece en el pueblo cubano y la sociedad cubana hoy por el mundo y en Miami Florida.","breadcrumb":{"@id":"https:\/\/www.cuballama.com\/noticias\/quienes-somos\/#breadcrumb"},"inLanguage":"es","potentialAction":[{"@type":"ReadAction","target":["https:\/\/www.cuballama.com\/noticias\/quienes-somos\/"]}]},{"@type":"BreadcrumbList","@id":"https:\/\/www.cuballama.com\/noticias\/quienes-somos\/#breadcrumb","itemListElement":[{"@type":"ListItem","position":1,"name":"Home","item":"https:\/\/www.cuballama.com\/noticias\/"},{"@type":"ListItem","position":2,"name":"Acerca de CubaLlama Noticias"}]},{"@type":"WebSite","@id":"https:\/\/www.cuballama.com\/noticias\/#website","url":"https:\/\/www.cuballama.com\/noticias\/","name":"Cuballama Noticias","description":"Medio digital sobre Cuba y el mundo","publisher":{"@id":"https:\/\/www.cuballama.com\/noticias\/#organization"},"potentialAction":[{"@type":"SearchAction","target":{"@type":"EntryPoint","urlTemplate":"https:\/\/www.cuballama.com\/noticias\/?s={search_term_string}"},"query-input":{"@type":"PropertyValueSpecification","valueRequired":true,"valueName":"search_term_string"}}],"inLanguage":"es"},{"@type":"Organization","@id":"https:\/\/www.cuballama.com\/noticias\/#organization","name":"Cuballama","url":"https:\/\/www.cuballama.com\/noticias\/","logo":{"@type":"ImageObject","inLanguage":"es","@id":"https:\/\/www.cuballama.com\/noticias\/#\/schema\/logo\/image\/","url":"https:\/\/cdn1.mediawpaccore.net\/wp-content\/uploads\/2021\/12\/28171206\/cbll-logo-color-sm.png","contentUrl":"https:\/\/cdn1.mediawpaccore.net\/wp-content\/uploads\/2021\/12\/28171206\/cbll-logo-color-sm.png","width":600,"height":133,"caption":"Cuballama"},"image":{"@id":"https:\/\/www.cuballama.com\/noticias\/#\/schema\/logo\/image\/"},"sameAs":["https:\/\/www.facebook.com\/CubaLlama","https:\/\/x.com\/cuballama","https:\/\/www.instagram.com\/stories\/cuballama_oficial\/","https:\/\/www.youtube.com\/channel\/UCKkFE-d_axENGZcrc4as0IA"]}]}},"_links":{"self":[{"href":"https:\/\/www.cuballama.com\/noticias\/wp-json\/wp\/v2\/pages\/68861","targetHints":{"allow":["GET"]}}],"collection":[{"href":"https:\/\/www.cuballama.com\/noticias\/wp-json\/wp\/v2\/pages"}],"about":[{"href":"https:\/\/www.cuballama.com\/noticias\/wp-json\/wp\/v2\/types\/page"}],"author":[{"embeddable":true,"href":"https:\/\/www.cuballama.com\/noticias\/wp-json\/wp\/v2\/users\/8"}],"replies":[{"embeddable":true,"href":"https:\/\/www.cuballama.com\/noticias\/wp-json\/wp\/v2\/comments?post=68861"}],"version-history":[{"count":21,"href":"https:\/\/www.cuballama.com\/noticias\/wp-json\/wp\/v2\/pages\/68861\/revisions"}],"predecessor-version":[{"id":99451,"href":"https:\/\/www.cuballama.com\/noticias\/wp-json\/wp\/v2\/pages\/68861\/revisions\/99451"}],"wp:attachment":[{"href":"https:\/\/www.cuballama.com\/noticias\/wp-json\/wp\/v2\/media?parent=68861"}],"curies":[{"name":"wp","href":"https:\/\/api.w.org\/{rel}","templated":true}]}}