{"id":68837,"date":"2021-06-22T11:34:52","date_gmt":"2021-06-22T15:34:52","guid":{"rendered":"https:\/\/www1.cubacomenta.com\/?page_id=68837"},"modified":"2021-08-05T14:54:04","modified_gmt":"2021-08-05T18:54:04","slug":"contactar","status":"publish","type":"page","link":"https:\/\/www.cuballama.com\/noticias\/contactar\/","title":{"rendered":"Contactar"},"content":{"rendered":"<div id=\"tdi_1\" class=\"tdc-zone\"><div class=\"tdc_zone tdi_2  wpb_row td-pb-row\"  >\n<style scoped>\n\/* custom css - generated by TagDiv Composer *\/\n\n\/* custom css - generated by TagDiv Composer *\/\n.tdi_2{\r\n                    min-height: 0;\r\n                }\n<\/style><div id=\"tdi_3\" class=\"tdc-row stretch_row\"><div class=\"vc_row tdi_4  wpb_row td-pb-row tdc-element-style\" >\n<style scoped>\n\/* custom css - generated by TagDiv Composer *\/\n\n\/* custom css - generated by TagDiv Composer *\/\n.tdi_4,\r\n                .tdi_4 .tdc-columns{\r\n                    min-height: 0;\r\n                }.tdi_4,\r\n\t\t\t\t.tdi_4 .tdc-columns{\r\n\t\t\t\t    display: block;\r\n\t\t\t\t}.tdi_4 .tdc-columns{\r\n\t\t\t\t    width: 100%;\r\n\t\t\t\t}.tdi_4:before,\r\n\t\t\t\t.tdi_4:after{\r\n\t\t\t\t    display: table;\r\n\t\t\t\t}\n\/* inline tdc_css att - generated by TagDiv Composer *\/\n\n.tdi_4{\npadding-top:40px !important;\npadding-bottom:40px !important;\nposition:relative;\n}\n\n.tdi_4 .td_block_wrap{ text-align:left }\n\n\/* landscape *\/\n@media (min-width: 1019px) and (max-width: 1140px)\n{\n.tdi_4{\npadding-top:40px !important;\n}\n}\n\n\/* portrait *\/\n@media (min-width: 768px) and (max-width: 1018px)\n{\n.tdi_4{\npadding-top:40px !important;\n}\n}\n\n\/* phone *\/\n@media (max-width: 767px)\n{\n.tdi_4{\npadding-top:30px !important;\n}\n}\n\n<\/style>\n<div class=\"tdi_3_rand_style td-element-style\" ><style>\n\/* custom css - generated by TagDiv Composer *\/\n\n.tdi_3_rand_style{\nbackground-color:rgba(76,64,132,0.05) !important;\n}\n <\/style><\/div><div class=\"vc_column tdi_6  wpb_column vc_column_container tdc-column td-pb-span12\">\n<style scoped>\n\/* custom css - generated by TagDiv Composer *\/\n\n\/* custom css - generated by TagDiv Composer *\/\n.tdi_6{\r\n                    vertical-align: baseline;\r\n                }.tdi_6 > .wpb_wrapper,\r\n\t\t\t\t.tdi_6 > .wpb_wrapper > .tdc-elements{\r\n\t\t\t\t    display: block;\r\n\t\t\t\t}.tdi_6 > .wpb_wrapper > .tdc-elements{\r\n\t\t\t\t    width: 100%;\r\n\t\t\t\t}.tdi_6 > .wpb_wrapper > .vc_row_inner{\r\n\t\t\t\t    width: auto;\r\n\t\t\t\t}.tdi_6 > .wpb_wrapper{\r\n\t\t\t\t    width: auto;\r\n\t\t\t\t    height: auto;\r\n\t\t\t\t}\n<\/style><div class=\"wpb_wrapper\" ><div class=\"tdm_block td_block_wrap tdm_block_column_title tdi_7 tdm-content-horiz-center td-pb-border-top td_block_template_1\"  data-td-block-uid=\"tdi_7\" >\n<style>\n\n\/* inline tdc_css att - generated by TagDiv Composer *\/\n\n.tdi_7{\nmargin-bottom:40px !important;\n}\n\n\/* phone *\/\n@media (max-width: 767px)\n{\n.tdi_7{\nmargin-bottom:30px !important;\n}\n}\n\n\/* landscape *\/\n@media (min-width: 1019px) and (max-width: 1140px)\n{\n.tdi_7{\nmargin-bottom:40px !important;\n}\n}\n\n\/* portrait *\/\n@media (min-width: 768px) and (max-width: 1018px)\n{\n.tdi_7{\nmargin-bottom:40px !important;\n}\n}\n\n<\/style>\n<style>\n\/* custom css - generated by TagDiv Composer *\/\n.tdm_block_column_title{\r\n                  margin-bottom: 0;\r\n                  display: inline-block;\r\n                  width: 100%;\r\n                }\n<\/style><div class=\"td-block-row\"><div class=\"td-block-span12 tdm-col\">\n<style>\n\/* custom css - generated by TagDiv Composer *\/\nbody .tdi_8 .tdm-title{\r\n\t\t\t\t\tcolor: #3a3a15;\r\n\t\t\t\t}.tdi_8 .tdm-title{\r\n\t\t\t\t\tfont-family:Gelasio !important;font-size:41px !important;line-height:50px !important;font-weight:700 !important;\r\n\t\t\t\t}\n\n\/* portrait *\/\n@media (min-width: 768px) and (max-width: 1018px){\n.tdi_8 .tdm-title{\r\n\t\t\t\t\tfont-size:36px !important;line-height:46px !important;\r\n\t\t\t\t}\n}\n\n\/* phone *\/\n@media (max-width: 767px){\n.tdi_8 .tdm-title{\r\n\t\t\t\t\tfont-size:32px !important;line-height:42px !important;\r\n\t\t\t\t}\n}\n<\/style><div class=\"tds-title tds-title1 td-fix-index tdi_8 \"><h3 class=\"tdm-title tdm-title-bg\">Cont\u00e1ctanos<\/h3><\/div><\/div><\/div><\/div><div class=\"tdm_block td_block_wrap tdm_block_inline_text tdi_9 tdm-inline-block td-pb-border-top td_block_template_1\"  data-td-block-uid=\"tdi_9\" >\n<style>\n\n\/* inline tdc_css att - generated by TagDiv Composer *\/\n\n.tdi_9{\nmargin-bottom:20px !important;\npadding-right:100px !important;\npadding-left:100px !important;\n}\n\n\/* phone *\/\n@media (max-width: 767px)\n{\n.tdi_9{\npadding-right:0px !important;\npadding-left:0px !important;\n}\n}\n\n\/* portrait *\/\n@media (min-width: 768px) and (max-width: 1018px)\n{\n.tdi_9{\npadding-right:50px !important;\npadding-left:50px !important;\n}\n}\n\n<\/style>\n<style>\n\/* custom css - generated by TagDiv Composer *\/\n.tdm_block.tdm_block_inline_text{\r\n                  margin-bottom: 0;\r\n                  vertical-align: top;\r\n                }.tdm_block.tdm_block_inline_text .tdm-descr{\r\n                  margin-bottom: 0;\r\n                  -webkit-transform: translateZ(0);\r\n                  transform: translateZ(0);\r\n                }.tdc-row-content-vert-center .tdm-inline-text-yes{\r\n                  vertical-align: middle;\r\n                }.tdc-row-content-vert-bottom .tdm-inline-text-yes{\r\n                  vertical-align: bottom;\r\n                }.tdi_9{\r\n                    text-align: center !important;\r\n                    margin-right: auto; \r\n                    margin-left: auto;\r\n                }.tdi_9 .tdm-descr{\r\n\t\t\t\t\tfont-family:Gelasio !important;font-size:17px !important;font-style:italic !important;\r\n\t\t\t\t}\n<\/style><p class=\"tdm-descr\">\u00bfQuiere reportar algo? \u00bfContarnos su experiencia? \u00bfDar testimonio sobre alg\u00fan evento? Env\u00edenos un mensaje a trav\u00e9s de este formulario y le contactaremos lo antes posible. \n<br><br>\n<span style=\"color:#ff3842;\">En el mensaje exponga bien claro su nombre y apellidos as\u00ed c\u00f3mo el motivo por el cu\u00e1l nos contacta.<\/span>\n<br><br>\nEl manejo de la informaci\u00f3n, as\u00ed como el de sus datos personales, se regir\u00e1 por nuestra Pol\u00edtica de Responsabilidad y Avisos Legales.<\/p><\/div>[wpforms id=\u00bb68864&#8243;]<\/div><\/div><\/div><\/div><\/div><\/div>","protected":false},"excerpt":{"rendered":"","protected":false},"author":8,"featured_media":0,"parent":0,"menu_order":0,"comment_status":"closed","ping_status":"closed","template":"","meta":{"_acf_changed":false,"footnotes":""},"class_list":["post-68837","page","type-page","status-publish"],"acf":[],"yoast_head":"<!-- This site is optimized with the Yoast SEO plugin v27.3 - https:\/\/yoast.com\/product\/yoast-seo-wordpress\/ -->\n<title>Contactar - Cuballama Noticias<\/title>\n<meta name=\"robots\" content=\"index, follow, max-snippet:-1, max-image-preview:large, max-video-preview:-1\" \/>\n<link rel=\"canonical\" href=\"https:\/\/www.cuballama.com\/noticias\/contactar\/\" \/>\n<meta property=\"og:locale\" content=\"es_ES\" \/>\n<meta property=\"og:type\" content=\"article\" \/>\n<meta property=\"og:title\" content=\"Contactar - Cuballama Noticias\" \/>\n<meta property=\"og:url\" content=\"https:\/\/www.cuballama.com\/noticias\/contactar\/\" \/>\n<meta property=\"og:site_name\" content=\"Cuballama Noticias\" \/>\n<meta property=\"article:publisher\" content=\"https:\/\/www.facebook.com\/CubaLlama\" \/>\n<meta property=\"article:modified_time\" content=\"2021-08-05T18:54:04+00:00\" \/>\n<meta name=\"twitter:card\" content=\"summary_large_image\" \/>\n<meta name=\"twitter:site\" content=\"@cuballama\" \/>\n<meta name=\"twitter:label1\" content=\"Tiempo de lectura\" \/>\n\t<meta name=\"twitter:data1\" content=\"1 minuto\" \/>\n<script type=\"application\/ld+json\" class=\"yoast-schema-graph\">{\"@context\":\"https:\\\/\\\/schema.org\",\"@graph\":[{\"@type\":\"WebPage\",\"@id\":\"https:\\\/\\\/www.cuballama.com\\\/noticias\\\/contactar\\\/\",\"url\":\"https:\\\/\\\/www.cuballama.com\\\/noticias\\\/contactar\\\/\",\"name\":\"Contactar - Cuballama Noticias\",\"isPartOf\":{\"@id\":\"https:\\\/\\\/www.cuballama.com\\\/noticias\\\/#website\"},\"datePublished\":\"2021-06-22T15:34:52+00:00\",\"dateModified\":\"2021-08-05T18:54:04+00:00\",\"breadcrumb\":{\"@id\":\"https:\\\/\\\/www.cuballama.com\\\/noticias\\\/contactar\\\/#breadcrumb\"},\"inLanguage\":\"es\",\"potentialAction\":[{\"@type\":\"ReadAction\",\"target\":[\"https:\\\/\\\/www.cuballama.com\\\/noticias\\\/contactar\\\/\"]}]},{\"@type\":\"BreadcrumbList\",\"@id\":\"https:\\\/\\\/www.cuballama.com\\\/noticias\\\/contactar\\\/#breadcrumb\",\"itemListElement\":[{\"@type\":\"ListItem\",\"position\":1,\"name\":\"Home\",\"item\":\"https:\\\/\\\/www.cuballama.com\\\/noticias\\\/\"},{\"@type\":\"ListItem\",\"position\":2,\"name\":\"Contactar\"}]},{\"@type\":\"WebSite\",\"@id\":\"https:\\\/\\\/www.cuballama.com\\\/noticias\\\/#website\",\"url\":\"https:\\\/\\\/www.cuballama.com\\\/noticias\\\/\",\"name\":\"Cuballama Noticias\",\"description\":\"Medio digital sobre Cuba y el mundo\",\"publisher\":{\"@id\":\"https:\\\/\\\/www.cuballama.com\\\/noticias\\\/#organization\"},\"potentialAction\":[{\"@type\":\"SearchAction\",\"target\":{\"@type\":\"EntryPoint\",\"urlTemplate\":\"https:\\\/\\\/www.cuballama.com\\\/noticias\\\/?s={search_term_string}\"},\"query-input\":{\"@type\":\"PropertyValueSpecification\",\"valueRequired\":true,\"valueName\":\"search_term_string\"}}],\"inLanguage\":\"es\"},{\"@type\":\"Organization\",\"@id\":\"https:\\\/\\\/www.cuballama.com\\\/noticias\\\/#organization\",\"name\":\"Cuballama\",\"url\":\"https:\\\/\\\/www.cuballama.com\\\/noticias\\\/\",\"logo\":{\"@type\":\"ImageObject\",\"inLanguage\":\"es\",\"@id\":\"https:\\\/\\\/www.cuballama.com\\\/noticias\\\/#\\\/schema\\\/logo\\\/image\\\/\",\"url\":\"https:\\\/\\\/cdn1.mediawpaccore.net\\\/wp-content\\\/uploads\\\/2021\\\/12\\\/28171206\\\/cbll-logo-color-sm.png\",\"contentUrl\":\"https:\\\/\\\/cdn1.mediawpaccore.net\\\/wp-content\\\/uploads\\\/2021\\\/12\\\/28171206\\\/cbll-logo-color-sm.png\",\"width\":600,\"height\":133,\"caption\":\"Cuballama\"},\"image\":{\"@id\":\"https:\\\/\\\/www.cuballama.com\\\/noticias\\\/#\\\/schema\\\/logo\\\/image\\\/\"},\"sameAs\":[\"https:\\\/\\\/www.facebook.com\\\/CubaLlama\",\"https:\\\/\\\/x.com\\\/cuballama\",\"https:\\\/\\\/www.instagram.com\\\/stories\\\/cuballama_oficial\\\/\",\"https:\\\/\\\/www.youtube.com\\\/channel\\\/UCKkFE-d_axENGZcrc4as0IA\"]}]}<\/script>\n<!-- \/ Yoast SEO plugin. -->","yoast_head_json":{"title":"Contactar - Cuballama Noticias","robots":{"index":"index","follow":"follow","max-snippet":"max-snippet:-1","max-image-preview":"max-image-preview:large","max-video-preview":"max-video-preview:-1"},"canonical":"https:\/\/www.cuballama.com\/noticias\/contactar\/","og_locale":"es_ES","og_type":"article","og_title":"Contactar - Cuballama Noticias","og_url":"https:\/\/www.cuballama.com\/noticias\/contactar\/","og_site_name":"Cuballama Noticias","article_publisher":"https:\/\/www.facebook.com\/CubaLlama","article_modified_time":"2021-08-05T18:54:04+00:00","twitter_card":"summary_large_image","twitter_site":"@cuballama","twitter_misc":{"Tiempo de lectura":"1 minuto"},"schema":{"@context":"https:\/\/schema.org","@graph":[{"@type":"WebPage","@id":"https:\/\/www.cuballama.com\/noticias\/contactar\/","url":"https:\/\/www.cuballama.com\/noticias\/contactar\/","name":"Contactar - Cuballama Noticias","isPartOf":{"@id":"https:\/\/www.cuballama.com\/noticias\/#website"},"datePublished":"2021-06-22T15:34:52+00:00","dateModified":"2021-08-05T18:54:04+00:00","breadcrumb":{"@id":"https:\/\/www.cuballama.com\/noticias\/contactar\/#breadcrumb"},"inLanguage":"es","potentialAction":[{"@type":"ReadAction","target":["https:\/\/www.cuballama.com\/noticias\/contactar\/"]}]},{"@type":"BreadcrumbList","@id":"https:\/\/www.cuballama.com\/noticias\/contactar\/#breadcrumb","itemListElement":[{"@type":"ListItem","position":1,"name":"Home","item":"https:\/\/www.cuballama.com\/noticias\/"},{"@type":"ListItem","position":2,"name":"Contactar"}]},{"@type":"WebSite","@id":"https:\/\/www.cuballama.com\/noticias\/#website","url":"https:\/\/www.cuballama.com\/noticias\/","name":"Cuballama Noticias","description":"Medio digital sobre Cuba y el mundo","publisher":{"@id":"https:\/\/www.cuballama.com\/noticias\/#organization"},"potentialAction":[{"@type":"SearchAction","target":{"@type":"EntryPoint","urlTemplate":"https:\/\/www.cuballama.com\/noticias\/?s={search_term_string}"},"query-input":{"@type":"PropertyValueSpecification","valueRequired":true,"valueName":"search_term_string"}}],"inLanguage":"es"},{"@type":"Organization","@id":"https:\/\/www.cuballama.com\/noticias\/#organization","name":"Cuballama","url":"https:\/\/www.cuballama.com\/noticias\/","logo":{"@type":"ImageObject","inLanguage":"es","@id":"https:\/\/www.cuballama.com\/noticias\/#\/schema\/logo\/image\/","url":"https:\/\/cdn1.mediawpaccore.net\/wp-content\/uploads\/2021\/12\/28171206\/cbll-logo-color-sm.png","contentUrl":"https:\/\/cdn1.mediawpaccore.net\/wp-content\/uploads\/2021\/12\/28171206\/cbll-logo-color-sm.png","width":600,"height":133,"caption":"Cuballama"},"image":{"@id":"https:\/\/www.cuballama.com\/noticias\/#\/schema\/logo\/image\/"},"sameAs":["https:\/\/www.facebook.com\/CubaLlama","https:\/\/x.com\/cuballama","https:\/\/www.instagram.com\/stories\/cuballama_oficial\/","https:\/\/www.youtube.com\/channel\/UCKkFE-d_axENGZcrc4as0IA"]}]}},"_links":{"self":[{"href":"https:\/\/www.cuballama.com\/noticias\/wp-json\/wp\/v2\/pages\/68837","targetHints":{"allow":["GET"]}}],"collection":[{"href":"https:\/\/www.cuballama.com\/noticias\/wp-json\/wp\/v2\/pages"}],"about":[{"href":"https:\/\/www.cuballama.com\/noticias\/wp-json\/wp\/v2\/types\/page"}],"author":[{"embeddable":true,"href":"https:\/\/www.cuballama.com\/noticias\/wp-json\/wp\/v2\/users\/8"}],"replies":[{"embeddable":true,"href":"https:\/\/www.cuballama.com\/noticias\/wp-json\/wp\/v2\/comments?post=68837"}],"version-history":[{"count":34,"href":"https:\/\/www.cuballama.com\/noticias\/wp-json\/wp\/v2\/pages\/68837\/revisions"}],"predecessor-version":[{"id":68903,"href":"https:\/\/www.cuballama.com\/noticias\/wp-json\/wp\/v2\/pages\/68837\/revisions\/68903"}],"wp:attachment":[{"href":"https:\/\/www.cuballama.com\/noticias\/wp-json\/wp\/v2\/media?parent=68837"}],"curies":[{"name":"wp","href":"https:\/\/api.w.org\/{rel}","templated":true}]}}